{"id":270,"date":"2024-07-18T23:17:52","date_gmt":"2024-07-18T22:17:52","guid":{"rendered":"https:\/\/zaal-artwork.com\/?page_id=270"},"modified":"2026-03-27T19:20:22","modified_gmt":"2026-03-27T18:20:22","slug":"impressum","status":"publish","type":"page","link":"https:\/\/zaal-artwork.com\/en\/impressum\/","title":{"rendered":"Legal Notice"},"content":{"rendered":"<div data-elementor-type=\"wp-page\" data-elementor-id=\"270\" class=\"elementor elementor-270\" data-elementor-post-type=\"page\">\n\t\t\t\t<div data-particle_enable=\"false\" data-particle-mobile-disabled=\"false\" class=\"elementor-element elementor-element-fca9cb3 e-flex e-con-boxed e-con e-parent\" data-id=\"fca9cb3\" data-element_type=\"container\">\n\t\t\t\t\t<div class=\"e-con-inner\">\n\t\t<div data-particle_enable=\"false\" data-particle-mobile-disabled=\"false\" class=\"elementor-element elementor-element-b51a877 e-con-full e-flex e-con e-child\" data-id=\"b51a877\" data-element_type=\"container\">\n\t\t\t\t<div class=\"elementor-element elementor-element-bc025b3 elementor-widget elementor-widget-heading\" data-id=\"bc025b3\" data-element_type=\"widget\" data-widget_type=\"heading.default\">\n\t\t\t\t<div class=\"elementor-widget-container\">\n\t\t\t\t\t<h2 class=\"elementor-heading-title elementor-size-default\">Legal Notice<\/h2>\t\t\t\t<\/div>\n\t\t\t\t<\/div>\n\t\t\t\t<\/div>\n\t\t\t\t\t<\/div>\n\t\t\t\t<\/div>\n\t\t<div data-particle_enable=\"false\" data-particle-mobile-disabled=\"false\" class=\"elementor-element elementor-element-032700b e-flex e-con-boxed e-con e-parent\" data-id=\"032700b\" data-element_type=\"container\">\n\t\t\t\t\t<div class=\"e-con-inner\">\n\t\t<div data-particle_enable=\"false\" data-particle-mobile-disabled=\"false\" class=\"elementor-element elementor-element-9d34f79 e-con-full e-flex e-con e-child\" data-id=\"9d34f79\" data-element_type=\"container\">\n\t\t\t\t<div class=\"elementor-element elementor-element-da95fe1 elementor-widget elementor-widget-text-editor\" data-id=\"da95fe1\" data-element_type=\"widget\" data-widget_type=\"text-editor.default\">\n\t\t\t\t<div class=\"elementor-widget-container\">\n\t\t\t\t\t\t\t\t\t<p><strong>Information according to Section 5 TMG (Telemedia Act)<\/strong><\/p><p>Zaal Artwork | Zaineb Alaoui<\/p><p>Postfach 200723<\/p><p>PLZ 40104 D\u00fcsseldorf<\/p><p>Deutschland<\/p>\t\t\t\t\t\t\t\t<\/div>\n\t\t\t\t<\/div>\n\t\t\t\t<\/div>\n\t\t<div data-particle_enable=\"false\" data-particle-mobile-disabled=\"false\" class=\"elementor-element elementor-element-fa205c7 e-con-full e-flex e-con e-child\" data-id=\"fa205c7\" data-element_type=\"container\">\n\t\t\t\t<div class=\"elementor-element elementor-element-d960d02 elementor-widget elementor-widget-text-editor\" data-id=\"d960d02\" data-element_type=\"widget\" data-widget_type=\"text-editor.default\">\n\t\t\t\t<div class=\"elementor-widget-container\">\n\t\t\t\t\t\t\t\t\t<p><strong>Represented by:<\/strong><\/p><p>Zaineb Alaoui<\/p><p><strong>Contact<\/strong><\/p><p>+49 211 163 484 34<\/p><p>contact@zaal-artwork.com<\/p>\t\t\t\t\t\t\t\t<\/div>\n\t\t\t\t<\/div>\n\t\t\t\t<\/div>\n\t\t<div data-particle_enable=\"false\" data-particle-mobile-disabled=\"false\" class=\"elementor-element elementor-element-9fd8a4e e-con-full e-flex e-con e-child\" data-id=\"9fd8a4e\" data-element_type=\"container\">\n\t\t\t\t<div class=\"elementor-element elementor-element-1055eef elementor-widget elementor-widget-text-editor\" data-id=\"1055eef\" data-element_type=\"widget\" data-widget_type=\"text-editor.default\">\n\t\t\t\t<div class=\"elementor-widget-container\">\n\t\t\t\t\t\t\t\t\t<p><strong>VAT ID<\/strong> \u00a0<\/p><p>Umsatzsteuer-ID: 106\/5003\/6471<\/p><p><strong>Responsible for content according to Section 55 RStV<\/strong><\/p><p>Zaal Artwork<\/p><p>Postfach 200723<\/p><p>PLZ 40104 D\u00fcsseldorf<\/p>\t\t\t\t\t\t\t\t<\/div>\n\t\t\t\t<\/div>\n\t\t\t\t<\/div>\n\t\t<div data-particle_enable=\"false\" data-particle-mobile-disabled=\"false\" class=\"elementor-element elementor-element-9037d75 e-con-full e-flex e-con e-child\" data-id=\"9037d75\" data-element_type=\"container\">\n\t\t\t\t<div class=\"elementor-element elementor-element-1ab1bff elementor-widget-divider--view-line elementor-widget elementor-widget-divider\" data-id=\"1ab1bff\" data-element_type=\"widget\" data-widget_type=\"divider.default\">\n\t\t\t\t<div class=\"elementor-widget-container\">\n\t\t\t\t\t\t\t<div class=\"elementor-divider\">\n\t\t\t<span class=\"elementor-divider-separator\">\n\t\t\t\t\t\t<\/span>\n\t\t<\/div>\n\t\t\t\t\t\t<\/div>\n\t\t\t\t<\/div>\n\t\t\t\t<div class=\"elementor-element elementor-element-1b6b360 elementor-widget elementor-widget-text-editor\" data-id=\"1b6b360\" data-element_type=\"widget\" data-widget_type=\"text-editor.default\">\n\t\t\t\t<div class=\"elementor-widget-container\">\n\t\t\t\t\t\t\t\t\t<p><strong>Platform of the European Commission for Online Dispute Resolution:<\/strong><br \/><a class=\"customButton2\" href=\"https:\/\/ec.europa.eu\/consumers\/odr\" target=\"_new\" rel=\"noreferrer\">https:\/\/ec.europa.eu\/consumers\/odr<\/a><\/p><p><strong>We are neither willing nor obliged to participate in dispute resolution proceedings before a consumer arbitration board.<\/strong><\/p><p><strong>Image Credits:<\/strong><\/p><p>The images and graphics used are protected by copyright. The image rights belong to the following photographers and agencies:<\/p><ul><li>Unsplash.com<\/li><li>Zaal Artwork<\/li><li>P&amp;A Webdesign &amp; Marketing<\/li><\/ul><p>\u00a0<\/p><p><strong>Disclaimer:<\/strong><\/p><p><strong>Liability for Content<\/strong><br \/>As a service provider, we are responsible for our own content on these pages in accordance with general laws as per \u00a7 7 para.1 TMG. However, according to \u00a7\u00a7 8 to 10 TMG, we are not obliged as a service provider to monitor transmitted or stored external information or to investigate circumstances that indicate illegal activity.<\/p><p>Obligations to remove or block the use of information under general laws remain unaffected by this. However, liability in this regard is only possible from the time of knowledge of a specific infringement. Upon becoming aware of such legal violations, we will remove this content immediately.<\/p><p><strong>Liability for Links<\/strong><br \/>Our website contains links to external websites of third parties, over whose content we have no influence. Therefore, we cannot assume any liability for these external contents. The respective provider or operator of the linked sites is always responsible for their content. The linked sites were checked for possible legal violations at the time of linking. Illegal content was not recognizable at the time of linking.<\/p><p>However, permanent content control of the linked sites is not reasonable without specific indications of a legal violation. Upon becoming aware of legal violations, we will remove such links immediately.<\/p><p><strong>Copyright<\/strong><br \/>The content and works created by the site operators on these pages are subject to German copyright law. The duplication, processing, distribution, and any kind of exploitation outside the limits of copyright require the written consent of the respective author or creator. Downloads and copies of this site are only permitted for private, non-commercial use.<\/p><p>Insofar as the content on this site was not created by the operator, the copyrights of third parties are respected. Third-party content is specifically marked as such. Should you still become aware of a copyright infringement, we request that you notify us accordingly. Upon becoming aware of legal violations, we will remove such content immediately.<\/p>\t\t\t\t\t\t\t\t<\/div>\n\t\t\t\t<\/div>\n\t\t\t\t<\/div>\n\t\t\t\t\t<\/div>\n\t\t\t\t<\/div>\n\t\t\t\t<\/div>","protected":false},"excerpt":{"rendered":"<p>Impressum Angaben gem\u00e4\u00df \u00a7 5 TMG: Zaal Artwork | Zaineb Alaoui Postfach 200723 PLZ 40104 D\u00fcsseldorf Deutschland Vertreten durch: Zaineb Alaoui Kontakt: +49 211 163 484 34 contact@zaal-artwork.com Gem\u00e4\u00df \u00a727 a UStG: \u00a0 Umsatzsteuer-ID: 106\/5003\/6471 Gem\u00e4\u00df \u00a7 55 Abs. 2 RStV: Zaal Artwork Postfach 200723 PLZ 40104 D\u00fcsseldorf Plattform der EU-Kommission zur Online-Streitbeilegung:https:\/\/ec.europa.eu\/consumers\/odr Wir sind [&hellip;]<\/p>","protected":false},"author":2,"featured_media":0,"parent":0,"menu_order":0,"comment_status":"closed","ping_status":"closed","template":"","meta":{"footnotes":""},"class_list":["post-270","page","type-page","status-publish","hentry"],"_links":{"self":[{"href":"https:\/\/zaal-artwork.com\/en\/wp-json\/wp\/v2\/pages\/270","targetHints":{"allow":["GET"]}}],"collection":[{"href":"https:\/\/zaal-artwork.com\/en\/wp-json\/wp\/v2\/pages"}],"about":[{"href":"https:\/\/zaal-artwork.com\/en\/wp-json\/wp\/v2\/types\/page"}],"author":[{"embeddable":true,"href":"https:\/\/zaal-artwork.com\/en\/wp-json\/wp\/v2\/users\/2"}],"replies":[{"embeddable":true,"href":"https:\/\/zaal-artwork.com\/en\/wp-json\/wp\/v2\/comments?post=270"}],"version-history":[{"count":40,"href":"https:\/\/zaal-artwork.com\/en\/wp-json\/wp\/v2\/pages\/270\/revisions"}],"predecessor-version":[{"id":1431,"href":"https:\/\/zaal-artwork.com\/en\/wp-json\/wp\/v2\/pages\/270\/revisions\/1431"}],"wp:attachment":[{"href":"https:\/\/zaal-artwork.com\/en\/wp-json\/wp\/v2\/media?parent=270"}],"curies":[{"name":"wp","href":"https:\/\/api.w.org\/{rel}","templated":true}]}}